{"id":244,"date":"2023-12-01T15:19:12","date_gmt":"2023-12-01T18:19:12","guid":{"rendered":"https:\/\/institutomaria.org.br\/?page_id=244"},"modified":"2025-06-04T13:50:03","modified_gmt":"2025-06-04T16:50:03","slug":"nossos-registros","status":"publish","type":"page","link":"https:\/\/institutomaria.org.br\/?page_id=244","title":{"rendered":"Nossos Registros"},"content":{"rendered":"\t\t<div data-elementor-type=\"wp-page\" data-elementor-id=\"244\" class=\"elementor elementor-244\" data-elementor-post-type=\"page\">\n\t\t\t\t<div class=\"elementor-element elementor-element-09f9fd1 e-flex e-con-boxed e-con e-parent\" data-id=\"09f9fd1\" data-element_type=\"container\" data-e-type=\"container\" data-settings=\"{&quot;background_background&quot;:&quot;classic&quot;}\">\n\t\t\t\t\t<div class=\"e-con-inner\">\n\t\t\t\t<div class=\"elementor-element elementor-element-f2fab38 elementor-widget elementor-widget-heading\" data-id=\"f2fab38\" data-element_type=\"widget\" data-e-type=\"widget\" data-widget_type=\"heading.default\">\n\t\t\t\t<div class=\"elementor-widget-container\">\n\t\t\t\t\t<h2 class=\"elementor-heading-title elementor-size-default\">Nossos Registros<\/h2>\t\t\t\t<\/div>\n\t\t\t\t<\/div>\n\t\t\t\t\t<\/div>\n\t\t\t\t<\/div>\n\t\t<div class=\"elementor-element elementor-element-31b5b04 e-flex e-con-boxed e-con e-parent\" data-id=\"31b5b04\" data-element_type=\"container\" data-e-type=\"container\">\n\t\t\t\t\t<div class=\"e-con-inner\">\n\t\t\t\t<div class=\"elementor-element elementor-element-37beb5e elementor-grid-4 elementor-grid-tablet-2 elementor-grid-mobile-1 elementor-widget elementor-widget-portfolio\" data-id=\"37beb5e\" data-element_type=\"widget\" data-e-type=\"widget\" data-settings=\"{&quot;columns&quot;:&quot;4&quot;,&quot;item_ratio&quot;:{&quot;unit&quot;:&quot;px&quot;,&quot;size&quot;:0,&quot;sizes&quot;:[]},&quot;columns_tablet&quot;:&quot;2&quot;,&quot;columns_mobile&quot;:&quot;1&quot;,&quot;item_gap&quot;:{&quot;unit&quot;:&quot;px&quot;,&quot;size&quot;:&quot;&quot;,&quot;sizes&quot;:[]},&quot;row_gap&quot;:{&quot;unit&quot;:&quot;px&quot;,&quot;size&quot;:&quot;&quot;,&quot;sizes&quot;:[]}}\" data-widget_type=\"portfolio.default\">\n\t\t\t\t<div class=\"elementor-widget-container\">\n\t\t\t\t\t\t\t<div class=\"elementor-portfolio elementor-grid elementor-posts-container\">\n\t\t\t\t<article class=\"elementor-portfolio-item elementor-post  post-2970 page type-page status-publish has-post-thumbnail hentry\">\n\t\t\t<a class=\"elementor-post__thumbnail__link\" href=\"https:\/\/institutomaria.org.br\/?page_id=2970\">\n\t\t\t\t<div class=\"elementor-portfolio-item__img elementor-post__thumbnail\">\n\t\t\t<img fetchpriority=\"high\" decoding=\"async\" width=\"300\" height=\"214\" src=\"https:\/\/institutomaria.org.br\/wp-content\/uploads\/2024\/08\/DSC_8936-300x214.jpg\" class=\"attachment-medium size-medium wp-image-2731\" alt=\"\" srcset=\"https:\/\/institutomaria.org.br\/wp-content\/uploads\/2024\/08\/DSC_8936-300x214.jpg 300w, https:\/\/institutomaria.org.br\/wp-content\/uploads\/2024\/08\/DSC_8936-1024x731.jpg 1024w, https:\/\/institutomaria.org.br\/wp-content\/uploads\/2024\/08\/DSC_8936-768x549.jpg 768w, https:\/\/institutomaria.org.br\/wp-content\/uploads\/2024\/08\/DSC_8936-1536x1097.jpg 1536w, https:\/\/institutomaria.org.br\/wp-content\/uploads\/2024\/08\/DSC_8936-2048x1463.jpg 2048w\" sizes=\"(max-width: 300px) 100vw, 300px\" \/>\t\t<\/div>\n\t\t\t\t<div class=\"elementor-portfolio-item__overlay\">\n\t\t\t\t<h3 class=\"elementor-portfolio-item__title\">\n\t\tSemana de Educa\u00e7\u00e3o em sa\u00fade\t\t<\/h3>\n\t\t\t\t<\/div>\n\t\t\t\t<\/a>\n\t\t<\/article>\n\t\t\t\t<article class=\"elementor-portfolio-item elementor-post  post-1282 page type-page status-publish has-post-thumbnail hentry\">\n\t\t\t<a class=\"elementor-post__thumbnail__link\" href=\"https:\/\/institutomaria.org.br\/?page_id=1282\">\n\t\t\t\t<div class=\"elementor-portfolio-item__img elementor-post__thumbnail\">\n\t\t\t<img decoding=\"async\" width=\"300\" height=\"200\" src=\"https:\/\/institutomaria.org.br\/wp-content\/uploads\/2024\/05\/DSC_2322-300x200.jpg\" class=\"attachment-medium size-medium wp-image-1846\" alt=\"\" srcset=\"https:\/\/institutomaria.org.br\/wp-content\/uploads\/2024\/05\/DSC_2322-300x200.jpg 300w, https:\/\/institutomaria.org.br\/wp-content\/uploads\/2024\/05\/DSC_2322-1024x684.jpg 1024w, https:\/\/institutomaria.org.br\/wp-content\/uploads\/2024\/05\/DSC_2322-768x513.jpg 768w, https:\/\/institutomaria.org.br\/wp-content\/uploads\/2024\/05\/DSC_2322.jpg 1092w\" sizes=\"(max-width: 300px) 100vw, 300px\" \/>\t\t<\/div>\n\t\t\t\t<div class=\"elementor-portfolio-item__overlay\">\n\t\t\t\t<h3 class=\"elementor-portfolio-item__title\">\n\t\tSemana\u00a0das\u00a0m\u00e3es &#8211;\u00a0Maio 2024\t\t<\/h3>\n\t\t\t\t<\/div>\n\t\t\t\t<\/a>\n\t\t<\/article>\n\t\t\t\t<article class=\"elementor-portfolio-item elementor-post  post-1261 page type-page status-publish has-post-thumbnail hentry\">\n\t\t\t<a class=\"elementor-post__thumbnail__link\" href=\"https:\/\/institutomaria.org.br\/?page_id=1261\">\n\t\t\t\t<div class=\"elementor-portfolio-item__img elementor-post__thumbnail\">\n\t\t\t<img decoding=\"async\" width=\"300\" height=\"238\" src=\"https:\/\/institutomaria.org.br\/wp-content\/uploads\/2024\/05\/DSC_2256-1-e1716989469704-300x238.jpg\" class=\"attachment-medium size-medium wp-image-2504\" alt=\"\" srcset=\"https:\/\/institutomaria.org.br\/wp-content\/uploads\/2024\/05\/DSC_2256-1-e1716989469704-300x238.jpg 300w, https:\/\/institutomaria.org.br\/wp-content\/uploads\/2024\/05\/DSC_2256-1-e1716989469704.jpg 589w\" sizes=\"(max-width: 300px) 100vw, 300px\" \/>\t\t<\/div>\n\t\t\t\t<div class=\"elementor-portfolio-item__overlay\">\n\t\t\t\t<h3 class=\"elementor-portfolio-item__title\">\n\t\tDia\u00a0da\u00a0S\u00edndrome\u00a0de\u00a0Down &#8211;\u00a0Mar\u00e7o 2024\t\t<\/h3>\n\t\t\t\t<\/div>\n\t\t\t\t<\/a>\n\t\t<\/article>\n\t\t\t\t<article class=\"elementor-portfolio-item elementor-post  post-1260 page type-page status-publish has-post-thumbnail hentry\">\n\t\t\t<a class=\"elementor-post__thumbnail__link\" href=\"https:\/\/institutomaria.org.br\/?page_id=1260\">\n\t\t\t\t<div class=\"elementor-portfolio-item__img elementor-post__thumbnail\">\n\t\t\t<img loading=\"lazy\" decoding=\"async\" width=\"300\" height=\"200\" src=\"https:\/\/institutomaria.org.br\/wp-content\/uploads\/2024\/05\/1-1-1-300x200.jpg\" class=\"attachment-medium size-medium wp-image-2180\" alt=\"\" srcset=\"https:\/\/institutomaria.org.br\/wp-content\/uploads\/2024\/05\/1-1-1-300x200.jpg 300w, https:\/\/institutomaria.org.br\/wp-content\/uploads\/2024\/05\/1-1-1-768x513.jpg 768w, https:\/\/institutomaria.org.br\/wp-content\/uploads\/2024\/05\/1-1-1.jpg 902w\" sizes=\"(max-width: 300px) 100vw, 300px\" \/>\t\t<\/div>\n\t\t\t\t<div class=\"elementor-portfolio-item__overlay\">\n\t\t\t\t<h3 class=\"elementor-portfolio-item__title\">\n\t\tInaugura\u00e7\u00e3o Instituto Maria &#8211; Maio 2023\t\t<\/h3>\n\t\t\t\t<\/div>\n\t\t\t\t<\/a>\n\t\t<\/article>\n\t\t\t\t<\/div>\n\t\t\t\t\t\t<\/div>\n\t\t\t\t<\/div>\n\t\t\t\t\t<\/div>\n\t\t\t\t<\/div>\n\t\t\t\t<\/div>\n\t\t","protected":false},"excerpt":{"rendered":"<p>Nossos Registros<\/p>\n","protected":false},"author":6,"featured_media":0,"parent":0,"menu_order":0,"comment_status":"closed","ping_status":"closed","template":"elementor_header_footer","meta":{"footnotes":""},"class_list":["post-244","page","type-page","status-publish","hentry"],"_links":{"self":[{"href":"https:\/\/institutomaria.org.br\/index.php?rest_route=\/wp\/v2\/pages\/244","targetHints":{"allow":["GET"]}}],"collection":[{"href":"https:\/\/institutomaria.org.br\/index.php?rest_route=\/wp\/v2\/pages"}],"about":[{"href":"https:\/\/institutomaria.org.br\/index.php?rest_route=\/wp\/v2\/types\/page"}],"author":[{"embeddable":true,"href":"https:\/\/institutomaria.org.br\/index.php?rest_route=\/wp\/v2\/users\/6"}],"replies":[{"embeddable":true,"href":"https:\/\/institutomaria.org.br\/index.php?rest_route=%2Fwp%2Fv2%2Fcomments&post=244"}],"version-history":[{"count":40,"href":"https:\/\/institutomaria.org.br\/index.php?rest_route=\/wp\/v2\/pages\/244\/revisions"}],"predecessor-version":[{"id":3139,"href":"https:\/\/institutomaria.org.br\/index.php?rest_route=\/wp\/v2\/pages\/244\/revisions\/3139"}],"wp:attachment":[{"href":"https:\/\/institutomaria.org.br\/index.php?rest_route=%2Fwp%2Fv2%2Fmedia&parent=244"}],"curies":[{"name":"wp","href":"https:\/\/api.w.org\/{rel}","templated":true}]}}