{"id":3209,"date":"2025-09-04T15:33:59","date_gmt":"2025-09-04T18:33:59","guid":{"rendered":"https:\/\/institutomaria.org.br\/?page_id=3209"},"modified":"2025-09-04T15:38:47","modified_gmt":"2025-09-04T18:38:47","slug":"servicos","status":"publish","type":"page","link":"https:\/\/institutomaria.org.br\/?page_id=3209","title":{"rendered":"Servi\u00e7os"},"content":{"rendered":"\t\t<div data-elementor-type=\"wp-page\" data-elementor-id=\"3209\" class=\"elementor elementor-3209\" data-elementor-post-type=\"page\">\n\t\t\t\t<div class=\"elementor-element elementor-element-df155cb e-flex e-con-boxed e-con e-parent\" data-id=\"df155cb\" data-element_type=\"container\" data-e-type=\"container\" data-settings=\"{&quot;background_background&quot;:&quot;classic&quot;}\">\n\t\t\t\t\t<div class=\"e-con-inner\">\n\t\t\t\t<div class=\"elementor-element elementor-element-8178989 elementor-widget elementor-widget-heading\" data-id=\"8178989\" data-element_type=\"widget\" data-e-type=\"widget\" data-widget_type=\"heading.default\">\n\t\t\t\t<div class=\"elementor-widget-container\">\n\t\t\t\t\t<h2 class=\"elementor-heading-title elementor-size-default\">Servi\u00e7os<\/h2>\t\t\t\t<\/div>\n\t\t\t\t<\/div>\n\t\t\t\t\t<\/div>\n\t\t\t\t<\/div>\n\t\t<div class=\"elementor-element elementor-element-e900cc7 e-flex e-con-boxed e-con e-parent\" data-id=\"e900cc7\" data-element_type=\"container\" data-e-type=\"container\">\n\t\t\t\t\t<div class=\"e-con-inner\">\n\t\t\t\t<div class=\"elementor-element elementor-element-4bf6aa7 elementor-widget elementor-widget-heading\" data-id=\"4bf6aa7\" data-element_type=\"widget\" data-e-type=\"widget\" data-widget_type=\"heading.default\">\n\t\t\t\t<div class=\"elementor-widget-container\">\n\t\t\t\t\t<h5 class=\"elementor-heading-title elementor-size-default\">Servi\u00e7os e Terapias<\/h5>\t\t\t\t<\/div>\n\t\t\t\t<\/div>\n\t\t\t\t<div class=\"elementor-element elementor-element-0319e77 elementor-widget elementor-widget-text-editor\" data-id=\"0319e77\" data-element_type=\"widget\" data-e-type=\"widget\" data-widget_type=\"text-editor.default\">\n\t\t\t\t<div class=\"elementor-widget-container\">\n\t\t\t\t\t\t\t\t\t<p>No Instituto Maria, acreditamos que o desenvolvimento das crian\u00e7as com S\u00edndrome de Down deve ser acompanhado de forma integral, respeitando cada fase da inf\u00e2ncia e valorizando suas potencialidades. Por isso, oferecemos uma ampla rede de atendimentos multiprofissionais, que garantem est\u00edmulo, cuidado e acolhimento em todas as \u00e1reas.<\/p><p>Para as crian\u00e7as, disponibilizamos:<\/p><ul><li><p>Fisioterapia<\/p><\/li><li><p>Terapia Ocupacional<\/p><\/li><li><p>Fonoaudiologia<\/p><\/li><li><p>Nutri\u00e7\u00e3o<\/p><\/li><li><p>Musicoterapia<\/p><\/li><li><p>Atendimento m\u00e9dico<\/p><\/li><li><p>Odontopediatria e Odontologia<\/p><\/li><li><p>Psicologia<\/p><\/li><li><p>Psicopedagogia<\/p><\/li><li><p>Psicomotricidade<\/p><\/li><li><p>Assist\u00eancia Social<\/p><\/li><\/ul><p>Al\u00e9m disso, o Instituto Maria se diferencia por tamb\u00e9m oferecer atendimentos voltados aos familiares das crian\u00e7as. Nossos servi\u00e7os de odontologia, nutri\u00e7\u00e3o, sa\u00fade da mulher e psicologia garantem que pais, m\u00e3es e irm\u00e3os tamb\u00e9m recebam cuidado e acompanhamento, fortalecendo v\u00ednculos e assegurando o bem-estar de toda a fam\u00edlia.<\/p>\t\t\t\t\t\t\t\t<\/div>\n\t\t\t\t<\/div>\n\t\t\t\t\t<\/div>\n\t\t\t\t<\/div>\n\t\t\t\t<\/div>\n\t\t","protected":false},"excerpt":{"rendered":"<p>Servi\u00e7os Servi\u00e7os e Terapias No Instituto Maria, acreditamos que o desenvolvimento das crian\u00e7as com S\u00edndrome de Down deve ser acompanhado de forma integral, respeitando cada fase da inf\u00e2ncia e valorizando suas potencialidades. Por isso, oferecemos uma ampla rede de atendimentos multiprofissionais, que garantem est\u00edmulo, cuidado e acolhimento em todas as \u00e1reas. Para as crian\u00e7as, disponibilizamos: [&hellip;]<\/p>\n","protected":false},"author":6,"featured_media":0,"parent":0,"menu_order":0,"comment_status":"closed","ping_status":"closed","template":"","meta":{"footnotes":""},"class_list":["post-3209","page","type-page","status-publish","hentry"],"_links":{"self":[{"href":"https:\/\/institutomaria.org.br\/index.php?rest_route=\/wp\/v2\/pages\/3209","targetHints":{"allow":["GET"]}}],"collection":[{"href":"https:\/\/institutomaria.org.br\/index.php?rest_route=\/wp\/v2\/pages"}],"about":[{"href":"https:\/\/institutomaria.org.br\/index.php?rest_route=\/wp\/v2\/types\/page"}],"author":[{"embeddable":true,"href":"https:\/\/institutomaria.org.br\/index.php?rest_route=\/wp\/v2\/users\/6"}],"replies":[{"embeddable":true,"href":"https:\/\/institutomaria.org.br\/index.php?rest_route=%2Fwp%2Fv2%2Fcomments&post=3209"}],"version-history":[{"count":7,"href":"https:\/\/institutomaria.org.br\/index.php?rest_route=\/wp\/v2\/pages\/3209\/revisions"}],"predecessor-version":[{"id":3216,"href":"https:\/\/institutomaria.org.br\/index.php?rest_route=\/wp\/v2\/pages\/3209\/revisions\/3216"}],"wp:attachment":[{"href":"https:\/\/institutomaria.org.br\/index.php?rest_route=%2Fwp%2Fv2%2Fmedia&parent=3209"}],"curies":[{"name":"wp","href":"https:\/\/api.w.org\/{rel}","templated":true}]}}