{"id":400,"date":"2023-12-01T16:15:15","date_gmt":"2023-12-01T19:15:15","guid":{"rendered":"https:\/\/institutomaria.org.br\/?page_id=400"},"modified":"2024-05-06T15:31:47","modified_gmt":"2024-05-06T18:31:47","slug":"acompanhamento-para-familiares","status":"publish","type":"page","link":"https:\/\/institutomaria.org.br\/?page_id=400","title":{"rendered":"Acompanhamento para familiares"},"content":{"rendered":"\t\t<div data-elementor-type=\"wp-page\" data-elementor-id=\"400\" class=\"elementor elementor-400\" data-elementor-post-type=\"page\">\n\t\t\t\t<div class=\"elementor-element elementor-element-28e844d e-flex e-con-boxed e-con e-parent\" data-id=\"28e844d\" data-element_type=\"container\" data-e-type=\"container\" data-settings=\"{&quot;background_background&quot;:&quot;classic&quot;}\">\n\t\t\t\t\t<div class=\"e-con-inner\">\n\t\t\t\t<div class=\"elementor-element elementor-element-156ad8b elementor-widget elementor-widget-heading\" data-id=\"156ad8b\" data-element_type=\"widget\" data-e-type=\"widget\" data-widget_type=\"heading.default\">\n\t\t\t\t<div class=\"elementor-widget-container\">\n\t\t\t\t\t<h2 class=\"elementor-heading-title elementor-size-default\">Acompanhamento para familiares<\/h2>\t\t\t\t<\/div>\n\t\t\t\t<\/div>\n\t\t\t\t\t<\/div>\n\t\t\t\t<\/div>\n\t\t<div class=\"elementor-element elementor-element-e2a2b21 e-flex e-con-boxed e-con e-parent\" data-id=\"e2a2b21\" data-element_type=\"container\" data-e-type=\"container\">\n\t\t\t\t\t<div class=\"e-con-inner\">\n\t\t<div class=\"elementor-element elementor-element-8ed9b80 e-con-full e-flex e-con e-child\" data-id=\"8ed9b80\" data-element_type=\"container\" data-e-type=\"container\">\n\t\t\t\t<div class=\"elementor-element elementor-element-ab6b1a9 elementor-widget elementor-widget-text-editor\" data-id=\"ab6b1a9\" data-element_type=\"widget\" data-e-type=\"widget\" data-widget_type=\"text-editor.default\">\n\t\t\t\t<div class=\"elementor-widget-container\">\n\t\t\t\t\t\t\t\t\t<div class=\"wpb_text_column wpb_content_element vc_custom_1685670704200 text\"><div class=\"wpb_wrapper\"><div class=\"wpb_text_column wpb_content_element vc_custom_1685669290268 text\"><div class=\"wpb_wrapper\"><p>Para n\u00f3s, a fam\u00edlia \u00e9 essencial e desempenha um papel fundamental no bem-estar e no desenvolvimento de cada indiv\u00edduo. Por isso, oferecemos atendimento como servi\u00e7os sociais, apoio psicol\u00f3gico, cuidados odontol\u00f3gicos e oficinas voltadas para o desenvolvimento de habilidades, proporcionando a oportunidade de aprender novas t\u00e9cnicas e produzir produtos que possam contribuir para a renda familiar.<\/p><\/div><\/div><\/div><\/div>\t\t\t\t\t\t\t\t<\/div>\n\t\t\t\t<\/div>\n\t\t\t\t<\/div>\n\t\t<div class=\"elementor-element elementor-element-fbced5b e-con-full e-flex e-con e-child\" data-id=\"fbced5b\" data-element_type=\"container\" data-e-type=\"container\">\n\t\t\t\t<div class=\"elementor-element elementor-element-7776244 elementor-widget elementor-widget-image\" data-id=\"7776244\" data-element_type=\"widget\" data-e-type=\"widget\" data-widget_type=\"image.default\">\n\t\t\t\t<div class=\"elementor-widget-container\">\n\t\t\t\t\t\t\t\t\t\t\t\t\t\t\t<img fetchpriority=\"high\" decoding=\"async\" width=\"1024\" height=\"762\" src=\"https:\/\/institutomaria.org.br\/wp-content\/uploads\/2023\/12\/WhatsApp-Image-2023-05-11-at-23.48-3.webp\" class=\"attachment-full size-full wp-image-373\" alt=\"\" srcset=\"https:\/\/institutomaria.org.br\/wp-content\/uploads\/2023\/12\/WhatsApp-Image-2023-05-11-at-23.48-3.webp 1024w, https:\/\/institutomaria.org.br\/wp-content\/uploads\/2023\/12\/WhatsApp-Image-2023-05-11-at-23.48-3-300x223.webp 300w, https:\/\/institutomaria.org.br\/wp-content\/uploads\/2023\/12\/WhatsApp-Image-2023-05-11-at-23.48-3-768x572.webp 768w\" sizes=\"(max-width: 1024px) 100vw, 1024px\" \/>\t\t\t\t\t\t\t\t\t\t\t\t\t\t\t<\/div>\n\t\t\t\t<\/div>\n\t\t\t\t<\/div>\n\t\t\t\t\t<\/div>\n\t\t\t\t<\/div>\n\t\t\t\t<\/div>\n\t\t","protected":false},"excerpt":{"rendered":"<p>Acompanhamento para familiares Para n\u00f3s, a fam\u00edlia \u00e9 essencial e desempenha um papel fundamental no bem-estar e no desenvolvimento de cada indiv\u00edduo. Por isso, oferecemos atendimento como servi\u00e7os sociais, apoio psicol\u00f3gico, cuidados odontol\u00f3gicos e oficinas voltadas para o desenvolvimento de habilidades, proporcionando a oportunidade de aprender novas t\u00e9cnicas e produzir produtos que possam contribuir para [&hellip;]<\/p>\n","protected":false},"author":6,"featured_media":0,"parent":0,"menu_order":0,"comment_status":"closed","ping_status":"closed","template":"elementor_header_footer","meta":{"footnotes":""},"class_list":["post-400","page","type-page","status-publish","hentry"],"_links":{"self":[{"href":"https:\/\/institutomaria.org.br\/index.php?rest_route=\/wp\/v2\/pages\/400","targetHints":{"allow":["GET"]}}],"collection":[{"href":"https:\/\/institutomaria.org.br\/index.php?rest_route=\/wp\/v2\/pages"}],"about":[{"href":"https:\/\/institutomaria.org.br\/index.php?rest_route=\/wp\/v2\/types\/page"}],"author":[{"embeddable":true,"href":"https:\/\/institutomaria.org.br\/index.php?rest_route=\/wp\/v2\/users\/6"}],"replies":[{"embeddable":true,"href":"https:\/\/institutomaria.org.br\/index.php?rest_route=%2Fwp%2Fv2%2Fcomments&post=400"}],"version-history":[{"count":13,"href":"https:\/\/institutomaria.org.br\/index.php?rest_route=\/wp\/v2\/pages\/400\/revisions"}],"predecessor-version":[{"id":820,"href":"https:\/\/institutomaria.org.br\/index.php?rest_route=\/wp\/v2\/pages\/400\/revisions\/820"}],"wp:attachment":[{"href":"https:\/\/institutomaria.org.br\/index.php?rest_route=%2Fwp%2Fv2%2Fmedia&parent=400"}],"curies":[{"name":"wp","href":"https:\/\/api.w.org\/{rel}","templated":true}]}}