{"id":405,"date":"2023-12-01T16:19:42","date_gmt":"2023-12-01T19:19:42","guid":{"rendered":"https:\/\/institutomaria.org.br\/?page_id=405"},"modified":"2024-05-13T09:58:08","modified_gmt":"2024-05-13T12:58:08","slug":"acesso","status":"publish","type":"page","link":"https:\/\/institutomaria.org.br\/?page_id=405","title":{"rendered":"Acesso"},"content":{"rendered":"\t\t<div data-elementor-type=\"wp-page\" data-elementor-id=\"405\" class=\"elementor elementor-405\" data-elementor-post-type=\"page\">\n\t\t\t\t<div class=\"elementor-element elementor-element-adb2fbb e-flex e-con-boxed e-con e-parent\" data-id=\"adb2fbb\" data-element_type=\"container\" data-e-type=\"container\" data-settings=\"{&quot;background_background&quot;:&quot;classic&quot;}\">\n\t\t\t\t\t<div class=\"e-con-inner\">\n\t\t\t\t<div class=\"elementor-element elementor-element-69a2674 elementor-widget elementor-widget-heading\" data-id=\"69a2674\" data-element_type=\"widget\" data-e-type=\"widget\" data-widget_type=\"heading.default\">\n\t\t\t\t<div class=\"elementor-widget-container\">\n\t\t\t\t\t<h2 class=\"elementor-heading-title elementor-size-default\">Acesso<\/h2>\t\t\t\t<\/div>\n\t\t\t\t<\/div>\n\t\t\t\t\t<\/div>\n\t\t\t\t<\/div>\n\t\t<div class=\"elementor-element elementor-element-8883a55 e-flex e-con-boxed e-con e-parent\" data-id=\"8883a55\" data-element_type=\"container\" data-e-type=\"container\" data-settings=\"{&quot;background_background&quot;:&quot;classic&quot;}\">\n\t\t\t\t\t<div class=\"e-con-inner\">\n\t\t<div class=\"elementor-element elementor-element-f134b94 e-con-full e-flex e-con e-child\" data-id=\"f134b94\" data-element_type=\"container\" data-e-type=\"container\">\n\t\t\t\t<div class=\"elementor-element elementor-element-77cf5fb elementor-widget__width-initial elementor-widget elementor-widget-text-editor\" data-id=\"77cf5fb\" data-element_type=\"widget\" data-e-type=\"widget\" data-widget_type=\"text-editor.default\">\n\t\t\t\t<div class=\"elementor-widget-container\">\n\t\t\t\t\t\t\t\t\t<div class=\"wpb_text_column wpb_content_element vc_custom_1685670704200 text\"><div class=\"wpb_wrapper\"><div class=\"wpb_text_column wpb_content_element vc_custom_1685669290268 text\"><div class=\"wpb_wrapper\"><p>O acesso \u00e9 feito atrav\u00e9s do e-mail \u00a0<a href=\"mailto:contato@institutomaria.org.br\">contato@institutomaria.org.br<\/a>, onde devem constar as seguintes informa\u00e7\u00f5es: nome da crian\u00e7a e idade, nome do respons\u00e1vel e dois telefones para contato. O servi\u00e7o social entrar\u00e1 em contato em at\u00e9 24 horas, portanto, \u00e9 importante ficar atento ao telefone. Ap\u00f3s o contato, ser\u00e1 agendada uma avalia\u00e7\u00e3o multidisciplinar para a crian\u00e7a e seus familiares.<\/p><\/div><\/div><\/div><\/div>\t\t\t\t\t\t\t\t<\/div>\n\t\t\t\t<\/div>\n\t\t\t\t<\/div>\n\t\t\t\t\t<\/div>\n\t\t\t\t<\/div>\n\t\t\t\t<\/div>\n\t\t","protected":false},"excerpt":{"rendered":"<p>Acesso O acesso \u00e9 feito atrav\u00e9s do e-mail \u00a0contato@institutomaria.org.br, onde devem constar as seguintes informa\u00e7\u00f5es: nome da crian\u00e7a e idade, nome do respons\u00e1vel e dois telefones para contato. O servi\u00e7o social entrar\u00e1 em contato em at\u00e9 24 horas, portanto, \u00e9 importante ficar atento ao telefone. Ap\u00f3s o contato, ser\u00e1 agendada uma avalia\u00e7\u00e3o multidisciplinar para a [&hellip;]<\/p>\n","protected":false},"author":6,"featured_media":0,"parent":0,"menu_order":0,"comment_status":"closed","ping_status":"closed","template":"elementor_header_footer","meta":{"footnotes":""},"class_list":["post-405","page","type-page","status-publish","hentry"],"_links":{"self":[{"href":"https:\/\/institutomaria.org.br\/index.php?rest_route=\/wp\/v2\/pages\/405","targetHints":{"allow":["GET"]}}],"collection":[{"href":"https:\/\/institutomaria.org.br\/index.php?rest_route=\/wp\/v2\/pages"}],"about":[{"href":"https:\/\/institutomaria.org.br\/index.php?rest_route=\/wp\/v2\/types\/page"}],"author":[{"embeddable":true,"href":"https:\/\/institutomaria.org.br\/index.php?rest_route=\/wp\/v2\/users\/6"}],"replies":[{"embeddable":true,"href":"https:\/\/institutomaria.org.br\/index.php?rest_route=%2Fwp%2Fv2%2Fcomments&post=405"}],"version-history":[{"count":40,"href":"https:\/\/institutomaria.org.br\/index.php?rest_route=\/wp\/v2\/pages\/405\/revisions"}],"predecessor-version":[{"id":926,"href":"https:\/\/institutomaria.org.br\/index.php?rest_route=\/wp\/v2\/pages\/405\/revisions\/926"}],"wp:attachment":[{"href":"https:\/\/institutomaria.org.br\/index.php?rest_route=%2Fwp%2Fv2%2Fmedia&parent=405"}],"curies":[{"name":"wp","href":"https:\/\/api.w.org\/{rel}","templated":true}]}}