{"id":824,"date":"2024-05-06T15:50:47","date_gmt":"2024-05-06T18:50:47","guid":{"rendered":"https:\/\/institutomaria.org.br\/?page_id=824"},"modified":"2025-06-18T16:37:14","modified_gmt":"2025-06-18T19:37:14","slug":"noticias","status":"publish","type":"page","link":"https:\/\/institutomaria.org.br\/?page_id=824","title":{"rendered":"Not\u00edcias"},"content":{"rendered":"\t\t<div data-elementor-type=\"wp-page\" data-elementor-id=\"824\" class=\"elementor elementor-824\" data-elementor-post-type=\"page\">\n\t\t\t\t<div class=\"elementor-element elementor-element-eceb62d e-flex e-con-boxed e-con e-parent\" data-id=\"eceb62d\" data-element_type=\"container\" data-e-type=\"container\" data-settings=\"{&quot;background_background&quot;:&quot;classic&quot;}\">\n\t\t\t\t\t<div class=\"e-con-inner\">\n\t\t\t\t<div class=\"elementor-element elementor-element-82d19ed elementor-widget elementor-widget-heading\" data-id=\"82d19ed\" data-element_type=\"widget\" data-e-type=\"widget\" data-widget_type=\"heading.default\">\n\t\t\t\t<div class=\"elementor-widget-container\">\n\t\t\t\t\t<h2 class=\"elementor-heading-title elementor-size-default\">Not\u00edcias<\/h2>\t\t\t\t<\/div>\n\t\t\t\t<\/div>\n\t\t\t\t\t<\/div>\n\t\t\t\t<\/div>\n\t\t<div class=\"elementor-element elementor-element-f398b1c e-flex e-con-boxed e-con e-parent\" data-id=\"f398b1c\" data-element_type=\"container\" data-e-type=\"container\">\n\t\t\t\t\t<div class=\"e-con-inner\">\n\t\t\t\t<div class=\"elementor-element elementor-element-1ec7f92 elementor-grid-4 elementor-grid-tablet-2 elementor-grid-mobile-1 elementor-widget elementor-widget-portfolio\" data-id=\"1ec7f92\" data-element_type=\"widget\" data-e-type=\"widget\" data-settings=\"{&quot;columns&quot;:&quot;4&quot;,&quot;row_gap&quot;:{&quot;unit&quot;:&quot;px&quot;,&quot;size&quot;:6,&quot;sizes&quot;:[]},&quot;item_ratio&quot;:{&quot;unit&quot;:&quot;px&quot;,&quot;size&quot;:0,&quot;sizes&quot;:[]},&quot;columns_tablet&quot;:&quot;2&quot;,&quot;columns_mobile&quot;:&quot;1&quot;,&quot;item_gap&quot;:{&quot;unit&quot;:&quot;px&quot;,&quot;size&quot;:&quot;&quot;,&quot;sizes&quot;:[]}}\" data-widget_type=\"portfolio.default\">\n\t\t\t\t<div class=\"elementor-widget-container\">\n\t\t\t\t\t\t\t<div class=\"elementor-portfolio elementor-grid elementor-posts-container\">\n\t\t\t\t<article class=\"elementor-portfolio-item elementor-post  post-3228 post type-post status-publish format-standard has-post-thumbnail hentry category-noticias\">\n\t\t\t<a class=\"elementor-post__thumbnail__link\" href=\"https:\/\/institutomaria.org.br\/?p=3228\">\n\t\t\t\t<div class=\"elementor-portfolio-item__img elementor-post__thumbnail\">\n\t\t\t<img fetchpriority=\"high\" decoding=\"async\" width=\"300\" height=\"215\" src=\"https:\/\/institutomaria.org.br\/wp-content\/uploads\/2025\/09\/foto-1-capa-SES-setembro-capa-300x215.jpeg\" class=\"attachment-medium size-medium wp-image-3229\" alt=\"\" srcset=\"https:\/\/institutomaria.org.br\/wp-content\/uploads\/2025\/09\/foto-1-capa-SES-setembro-capa-300x215.jpeg 300w, https:\/\/institutomaria.org.br\/wp-content\/uploads\/2025\/09\/foto-1-capa-SES-setembro-capa-1024x733.jpeg 1024w, https:\/\/institutomaria.org.br\/wp-content\/uploads\/2025\/09\/foto-1-capa-SES-setembro-capa-768x550.jpeg 768w, https:\/\/institutomaria.org.br\/wp-content\/uploads\/2025\/09\/foto-1-capa-SES-setembro-capa.jpeg 1200w\" sizes=\"(max-width: 300px) 100vw, 300px\" \/>\t\t<\/div>\n\t\t\t\t<div class=\"elementor-portfolio-item__overlay\">\n\t\t\t\t<h3 class=\"elementor-portfolio-item__title\">\n\t\tInstituto Maria inicia Semana da Educa\u00e7\u00e3o em Sa\u00fade do m\u00eas de setembro com foco no autocuidado\t\t<\/h3>\n\t\t\t\t<\/div>\n\t\t\t\t<\/a>\n\t\t<\/article>\n\t\t\t\t<article class=\"elementor-portfolio-item elementor-post  post-3164 post type-post status-publish format-standard has-post-thumbnail hentry category-noticias\">\n\t\t\t<a class=\"elementor-post__thumbnail__link\" href=\"https:\/\/institutomaria.org.br\/?p=3164\">\n\t\t\t\t<div class=\"elementor-portfolio-item__img elementor-post__thumbnail\">\n\t\t\t<img decoding=\"async\" width=\"300\" height=\"218\" src=\"https:\/\/institutomaria.org.br\/wp-content\/uploads\/2025\/06\/DSC_8953-Copia-300x218.jpg\" class=\"attachment-medium size-medium wp-image-3165\" alt=\"\" srcset=\"https:\/\/institutomaria.org.br\/wp-content\/uploads\/2025\/06\/DSC_8953-Copia-300x218.jpg 300w, https:\/\/institutomaria.org.br\/wp-content\/uploads\/2025\/06\/DSC_8953-Copia-1024x745.jpg 1024w, https:\/\/institutomaria.org.br\/wp-content\/uploads\/2025\/06\/DSC_8953-Copia-768x559.jpg 768w, https:\/\/institutomaria.org.br\/wp-content\/uploads\/2025\/06\/DSC_8953-Copia-1536x1117.jpg 1536w, https:\/\/institutomaria.org.br\/wp-content\/uploads\/2025\/06\/DSC_8953-Copia-2048x1489.jpg 2048w\" sizes=\"(max-width: 300px) 100vw, 300px\" \/>\t\t<\/div>\n\t\t\t\t<div class=\"elementor-portfolio-item__overlay\">\n\t\t\t\t<h3 class=\"elementor-portfolio-item__title\">\n\t\tInstituto Maria Alcoforado marca presen\u00e7a na COSP18, na sede da ONU\t\t<\/h3>\n\t\t\t\t<\/div>\n\t\t\t\t<\/a>\n\t\t<\/article>\n\t\t\t\t<article class=\"elementor-portfolio-item elementor-post  post-3119 post type-post status-publish format-standard has-post-thumbnail hentry category-noticias\">\n\t\t\t<a class=\"elementor-post__thumbnail__link\" href=\"https:\/\/institutomaria.org.br\/?p=3119\">\n\t\t\t\t<div class=\"elementor-portfolio-item__img elementor-post__thumbnail\">\n\t\t\t<img decoding=\"async\" width=\"300\" height=\"200\" src=\"https:\/\/institutomaria.org.br\/wp-content\/uploads\/2025\/04\/foto-1-porto-portugal-1-300x200.jpeg\" class=\"attachment-medium size-medium wp-image-3121\" alt=\"\" srcset=\"https:\/\/institutomaria.org.br\/wp-content\/uploads\/2025\/04\/foto-1-porto-portugal-1-300x200.jpeg 300w, https:\/\/institutomaria.org.br\/wp-content\/uploads\/2025\/04\/foto-1-porto-portugal-1-1024x683.jpeg 1024w, https:\/\/institutomaria.org.br\/wp-content\/uploads\/2025\/04\/foto-1-porto-portugal-1-768x512.jpeg 768w, https:\/\/institutomaria.org.br\/wp-content\/uploads\/2025\/04\/foto-1-porto-portugal-1-1536x1025.jpeg 1536w, https:\/\/institutomaria.org.br\/wp-content\/uploads\/2025\/04\/foto-1-porto-portugal-1.jpeg 2048w\" sizes=\"(max-width: 300px) 100vw, 300px\" \/>\t\t<\/div>\n\t\t\t\t<div class=\"elementor-portfolio-item__overlay\">\n\t\t\t\t<h3 class=\"elementor-portfolio-item__title\">\n\t\tCongresso em Porto Portugal\t\t<\/h3>\n\t\t\t\t<\/div>\n\t\t\t\t<\/a>\n\t\t<\/article>\n\t\t\t\t<article class=\"elementor-portfolio-item elementor-post  post-3107 post type-post status-publish format-standard has-post-thumbnail hentry category-noticias\">\n\t\t\t<a class=\"elementor-post__thumbnail__link\" href=\"https:\/\/institutomaria.org.br\/?p=3107\">\n\t\t\t\t<div class=\"elementor-portfolio-item__img elementor-post__thumbnail\">\n\t\t\t<img loading=\"lazy\" decoding=\"async\" width=\"300\" height=\"241\" src=\"https:\/\/institutomaria.org.br\/wp-content\/uploads\/2025\/04\/WhatsApp-Image-2025-04-03-at-10.24.43-Copia-300x241.jpeg\" class=\"attachment-medium size-medium wp-image-3111\" alt=\"\" srcset=\"https:\/\/institutomaria.org.br\/wp-content\/uploads\/2025\/04\/WhatsApp-Image-2025-04-03-at-10.24.43-Copia-300x241.jpeg 300w, https:\/\/institutomaria.org.br\/wp-content\/uploads\/2025\/04\/WhatsApp-Image-2025-04-03-at-10.24.43-Copia-1024x821.jpeg 1024w, https:\/\/institutomaria.org.br\/wp-content\/uploads\/2025\/04\/WhatsApp-Image-2025-04-03-at-10.24.43-Copia-768x616.jpeg 768w, https:\/\/institutomaria.org.br\/wp-content\/uploads\/2025\/04\/WhatsApp-Image-2025-04-03-at-10.24.43-Copia.jpeg 1200w\" sizes=\"(max-width: 300px) 100vw, 300px\" \/>\t\t<\/div>\n\t\t\t\t<div class=\"elementor-portfolio-item__overlay\">\n\t\t\t\t<h3 class=\"elementor-portfolio-item__title\">\n\t\tInstituto Maria na ONU\t\t<\/h3>\n\t\t\t\t<\/div>\n\t\t\t\t<\/a>\n\t\t<\/article>\n\t\t\t\t<article class=\"elementor-portfolio-item elementor-post  post-3017 post type-post status-publish format-standard has-post-thumbnail hentry category-noticias\">\n\t\t\t<a class=\"elementor-post__thumbnail__link\" href=\"https:\/\/institutomaria.org.br\/?p=3017\">\n\t\t\t\t<div class=\"elementor-portfolio-item__img elementor-post__thumbnail\">\n\t\t\t<img loading=\"lazy\" decoding=\"async\" width=\"300\" height=\"225\" src=\"https:\/\/institutomaria.org.br\/wp-content\/uploads\/2024\/09\/foto-de-capa-300x225.jpeg\" class=\"attachment-medium size-medium wp-image-3018\" alt=\"\" srcset=\"https:\/\/institutomaria.org.br\/wp-content\/uploads\/2024\/09\/foto-de-capa-300x225.jpeg 300w, https:\/\/institutomaria.org.br\/wp-content\/uploads\/2024\/09\/foto-de-capa-1024x768.jpeg 1024w, https:\/\/institutomaria.org.br\/wp-content\/uploads\/2024\/09\/foto-de-capa-768x576.jpeg 768w, https:\/\/institutomaria.org.br\/wp-content\/uploads\/2024\/09\/foto-de-capa.jpeg 1280w\" sizes=\"(max-width: 300px) 100vw, 300px\" \/>\t\t<\/div>\n\t\t\t\t<div class=\"elementor-portfolio-item__overlay\">\n\t\t\t\t<h3 class=\"elementor-portfolio-item__title\">\n\t\tDe Maria para o Mundo!\t\t<\/h3>\n\t\t\t\t<\/div>\n\t\t\t\t<\/a>\n\t\t<\/article>\n\t\t\t\t<article class=\"elementor-portfolio-item elementor-post  post-2729 post type-post status-publish format-standard has-post-thumbnail hentry category-noticias\">\n\t\t\t<a class=\"elementor-post__thumbnail__link\" href=\"https:\/\/institutomaria.org.br\/?p=2729\">\n\t\t\t\t<div class=\"elementor-portfolio-item__img elementor-post__thumbnail\">\n\t\t\t<img loading=\"lazy\" decoding=\"async\" width=\"300\" height=\"214\" src=\"https:\/\/institutomaria.org.br\/wp-content\/uploads\/2024\/08\/DSC_8936-300x214.jpg\" class=\"attachment-medium size-medium wp-image-2731\" alt=\"\" srcset=\"https:\/\/institutomaria.org.br\/wp-content\/uploads\/2024\/08\/DSC_8936-300x214.jpg 300w, https:\/\/institutomaria.org.br\/wp-content\/uploads\/2024\/08\/DSC_8936-1024x731.jpg 1024w, https:\/\/institutomaria.org.br\/wp-content\/uploads\/2024\/08\/DSC_8936-768x549.jpg 768w, https:\/\/institutomaria.org.br\/wp-content\/uploads\/2024\/08\/DSC_8936-1536x1097.jpg 1536w, https:\/\/institutomaria.org.br\/wp-content\/uploads\/2024\/08\/DSC_8936-2048x1463.jpg 2048w\" sizes=\"(max-width: 300px) 100vw, 300px\" \/>\t\t<\/div>\n\t\t\t\t<div class=\"elementor-portfolio-item__overlay\">\n\t\t\t\t<h3 class=\"elementor-portfolio-item__title\">\n\t\tSemana de Educa\u00e7\u00e3o em sa\u00fade\t\t<\/h3>\n\t\t\t\t<\/div>\n\t\t\t\t<\/a>\n\t\t<\/article>\n\t\t\t\t<article class=\"elementor-portfolio-item elementor-post  post-1219 post type-post status-publish format-standard has-post-thumbnail hentry category-noticias\">\n\t\t\t<a class=\"elementor-post__thumbnail__link\" href=\"https:\/\/institutomaria.org.br\/?p=1219\">\n\t\t\t\t<div class=\"elementor-portfolio-item__img elementor-post__thumbnail\">\n\t\t\t<img loading=\"lazy\" decoding=\"async\" width=\"300\" height=\"212\" src=\"https:\/\/institutomaria.org.br\/wp-content\/uploads\/2024\/05\/MAPA-DE-ATUACAO-copiar-300x212.jpg\" class=\"attachment-medium size-medium wp-image-3081\" alt=\"\" srcset=\"https:\/\/institutomaria.org.br\/wp-content\/uploads\/2024\/05\/MAPA-DE-ATUACAO-copiar-300x212.jpg 300w, https:\/\/institutomaria.org.br\/wp-content\/uploads\/2024\/05\/MAPA-DE-ATUACAO-copiar-1024x724.jpg 1024w, https:\/\/institutomaria.org.br\/wp-content\/uploads\/2024\/05\/MAPA-DE-ATUACAO-copiar-768x543.jpg 768w, https:\/\/institutomaria.org.br\/wp-content\/uploads\/2024\/05\/MAPA-DE-ATUACAO-copiar-1536x1086.jpg 1536w, https:\/\/institutomaria.org.br\/wp-content\/uploads\/2024\/05\/MAPA-DE-ATUACAO-copiar-2048x1448.jpg 2048w\" sizes=\"(max-width: 300px) 100vw, 300px\" \/>\t\t<\/div>\n\t\t\t\t<div class=\"elementor-portfolio-item__overlay\">\n\t\t\t\t<h3 class=\"elementor-portfolio-item__title\">\n\t\tMunic\u00edpios\u00a0de\u00a0abrang\u00eancia\t\t<\/h3>\n\t\t\t\t<\/div>\n\t\t\t\t<\/a>\n\t\t<\/article>\n\t\t\t\t<article class=\"elementor-portfolio-item elementor-post  post-1208 post type-post status-publish format-standard has-post-thumbnail hentry category-noticias\">\n\t\t\t<a class=\"elementor-post__thumbnail__link\" href=\"https:\/\/institutomaria.org.br\/?p=1208\">\n\t\t\t\t<div class=\"elementor-portfolio-item__img elementor-post__thumbnail\">\n\t\t\t<img loading=\"lazy\" decoding=\"async\" width=\"300\" height=\"169\" src=\"https:\/\/institutomaria.org.br\/wp-content\/uploads\/2024\/05\/1-ano-300x169.jpg\" class=\"attachment-medium size-medium wp-image-1209\" alt=\"\" srcset=\"https:\/\/institutomaria.org.br\/wp-content\/uploads\/2024\/05\/1-ano-300x169.jpg 300w, https:\/\/institutomaria.org.br\/wp-content\/uploads\/2024\/05\/1-ano-1024x576.jpg 1024w, https:\/\/institutomaria.org.br\/wp-content\/uploads\/2024\/05\/1-ano-768x432.jpg 768w, https:\/\/institutomaria.org.br\/wp-content\/uploads\/2024\/05\/1-ano.jpg 1280w\" sizes=\"(max-width: 300px) 100vw, 300px\" \/>\t\t<\/div>\n\t\t\t\t<div class=\"elementor-portfolio-item__overlay\">\n\t\t\t\t<h3 class=\"elementor-portfolio-item__title\">\n\t\t1\u00a0ano\u00a0de\u00a0Instituto\u00a0Maria!\t\t<\/h3>\n\t\t\t\t<\/div>\n\t\t\t\t<\/a>\n\t\t<\/article>\n\t\t\t\t<article class=\"elementor-portfolio-item elementor-post  post-1045 post type-post status-publish format-standard has-post-thumbnail hentry category-noticias\">\n\t\t\t<a class=\"elementor-post__thumbnail__link\" href=\"https:\/\/institutomaria.org.br\/?p=1045\">\n\t\t\t\t<div class=\"elementor-portfolio-item__img elementor-post__thumbnail\">\n\t\t\t<img loading=\"lazy\" decoding=\"async\" width=\"300\" height=\"169\" src=\"https:\/\/institutomaria.org.br\/wp-content\/uploads\/2024\/05\/semana-maes-300x169.png\" class=\"attachment-medium size-medium wp-image-1025\" alt=\"\" srcset=\"https:\/\/institutomaria.org.br\/wp-content\/uploads\/2024\/05\/semana-maes-300x169.png 300w, https:\/\/institutomaria.org.br\/wp-content\/uploads\/2024\/05\/semana-maes-1024x576.png 1024w, https:\/\/institutomaria.org.br\/wp-content\/uploads\/2024\/05\/semana-maes-768x432.png 768w, https:\/\/institutomaria.org.br\/wp-content\/uploads\/2024\/05\/semana-maes.png 1280w\" sizes=\"(max-width: 300px) 100vw, 300px\" \/>\t\t<\/div>\n\t\t\t\t<div class=\"elementor-portfolio-item__overlay\">\n\t\t\t\t<h3 class=\"elementor-portfolio-item__title\">\n\t\tSemana das m\u00e3es\t\t<\/h3>\n\t\t\t\t<\/div>\n\t\t\t\t<\/a>\n\t\t<\/article>\n\t\t\t\t<article class=\"elementor-portfolio-item elementor-post  post-1044 post type-post status-publish format-standard has-post-thumbnail hentry category-noticias\">\n\t\t\t<a class=\"elementor-post__thumbnail__link\" href=\"https:\/\/institutomaria.org.br\/?p=1044\">\n\t\t\t\t<div class=\"elementor-portfolio-item__img elementor-post__thumbnail\">\n\t\t\t<img loading=\"lazy\" decoding=\"async\" width=\"300\" height=\"169\" src=\"https:\/\/institutomaria.org.br\/wp-content\/uploads\/2024\/05\/somos-210-1-300x169.png\" class=\"attachment-medium size-medium wp-image-1023\" alt=\"\" srcset=\"https:\/\/institutomaria.org.br\/wp-content\/uploads\/2024\/05\/somos-210-1-300x169.png 300w, https:\/\/institutomaria.org.br\/wp-content\/uploads\/2024\/05\/somos-210-1-1024x576.png 1024w, https:\/\/institutomaria.org.br\/wp-content\/uploads\/2024\/05\/somos-210-1-768x432.png 768w, https:\/\/institutomaria.org.br\/wp-content\/uploads\/2024\/05\/somos-210-1.png 1280w\" sizes=\"(max-width: 300px) 100vw, 300px\" \/>\t\t<\/div>\n\t\t\t\t<div class=\"elementor-portfolio-item__overlay\">\n\t\t\t\t<h3 class=\"elementor-portfolio-item__title\">\n\t\tSomos 210 cora\u00e7\u00f5es\t\t<\/h3>\n\t\t\t\t<\/div>\n\t\t\t\t<\/a>\n\t\t<\/article>\n\t\t\t\t<article class=\"elementor-portfolio-item elementor-post  post-1043 post type-post status-publish format-standard has-post-thumbnail hentry category-noticias\">\n\t\t\t<a class=\"elementor-post__thumbnail__link\" href=\"https:\/\/institutomaria.org.br\/?p=1043\">\n\t\t\t\t<div class=\"elementor-portfolio-item__img elementor-post__thumbnail\">\n\t\t\t<img loading=\"lazy\" decoding=\"async\" width=\"300\" height=\"169\" src=\"https:\/\/institutomaria.org.br\/wp-content\/uploads\/2024\/05\/inst.mari_.v3-1-300x169.png\" class=\"attachment-medium size-medium wp-image-1026\" alt=\"\" srcset=\"https:\/\/institutomaria.org.br\/wp-content\/uploads\/2024\/05\/inst.mari_.v3-1-300x169.png 300w, https:\/\/institutomaria.org.br\/wp-content\/uploads\/2024\/05\/inst.mari_.v3-1-1024x576.png 1024w, https:\/\/institutomaria.org.br\/wp-content\/uploads\/2024\/05\/inst.mari_.v3-1-768x432.png 768w, https:\/\/institutomaria.org.br\/wp-content\/uploads\/2024\/05\/inst.mari_.v3-1.png 1280w\" sizes=\"(max-width: 300px) 100vw, 300px\" \/>\t\t<\/div>\n\t\t\t\t<div class=\"elementor-portfolio-item__overlay\">\n\t\t\t\t<h3 class=\"elementor-portfolio-item__title\">\n\t\tAssist\u00eancia \u00e0s crian\u00e7as com S\u00edndrome de Down\t\t<\/h3>\n\t\t\t\t<\/div>\n\t\t\t\t<\/a>\n\t\t<\/article>\n\t\t\t\t<\/div>\n\t\t\t\t\t\t<\/div>\n\t\t\t\t<\/div>\n\t\t\t\t\t<\/div>\n\t\t\t\t<\/div>\n\t\t\t\t<\/div>\n\t\t","protected":false},"excerpt":{"rendered":"<p>Not\u00edcias<\/p>\n","protected":false},"author":6,"featured_media":0,"parent":0,"menu_order":0,"comment_status":"closed","ping_status":"closed","template":"","meta":{"footnotes":""},"class_list":["post-824","page","type-page","status-publish","hentry"],"_links":{"self":[{"href":"https:\/\/institutomaria.org.br\/index.php?rest_route=\/wp\/v2\/pages\/824","targetHints":{"allow":["GET"]}}],"collection":[{"href":"https:\/\/institutomaria.org.br\/index.php?rest_route=\/wp\/v2\/pages"}],"about":[{"href":"https:\/\/institutomaria.org.br\/index.php?rest_route=\/wp\/v2\/types\/page"}],"author":[{"embeddable":true,"href":"https:\/\/institutomaria.org.br\/index.php?rest_route=\/wp\/v2\/users\/6"}],"replies":[{"embeddable":true,"href":"https:\/\/institutomaria.org.br\/index.php?rest_route=%2Fwp%2Fv2%2Fcomments&post=824"}],"version-history":[{"count":37,"href":"https:\/\/institutomaria.org.br\/index.php?rest_route=\/wp\/v2\/pages\/824\/revisions"}],"predecessor-version":[{"id":3182,"href":"https:\/\/institutomaria.org.br\/index.php?rest_route=\/wp\/v2\/pages\/824\/revisions\/3182"}],"wp:attachment":[{"href":"https:\/\/institutomaria.org.br\/index.php?rest_route=%2Fwp%2Fv2%2Fmedia&parent=824"}],"curies":[{"name":"wp","href":"https:\/\/api.w.org\/{rel}","templated":true}]}}