{"id":932,"date":"2024-05-13T10:07:47","date_gmt":"2024-05-13T13:07:47","guid":{"rendered":"https:\/\/institutomaria.org.br\/?page_id=932"},"modified":"2025-09-04T15:28:18","modified_gmt":"2025-09-04T18:28:18","slug":"parceiros","status":"publish","type":"page","link":"https:\/\/institutomaria.org.br\/?page_id=932","title":{"rendered":"Parceiros"},"content":{"rendered":"\t\t<div data-elementor-type=\"wp-page\" data-elementor-id=\"932\" class=\"elementor elementor-932\" data-elementor-post-type=\"page\">\n\t\t\t\t<div class=\"elementor-element elementor-element-998baf0 e-flex e-con-boxed e-con e-parent\" data-id=\"998baf0\" data-element_type=\"container\" data-e-type=\"container\" data-settings=\"{&quot;background_background&quot;:&quot;classic&quot;}\">\n\t\t\t\t\t<div class=\"e-con-inner\">\n\t\t\t\t<div class=\"elementor-element elementor-element-fdcac99 elementor-widget elementor-widget-heading\" data-id=\"fdcac99\" data-element_type=\"widget\" data-e-type=\"widget\" data-widget_type=\"heading.default\">\n\t\t\t\t<div class=\"elementor-widget-container\">\n\t\t\t\t\t<h2 class=\"elementor-heading-title elementor-size-default\">Parceiros<\/h2>\t\t\t\t<\/div>\n\t\t\t\t<\/div>\n\t\t\t\t\t<\/div>\n\t\t\t\t<\/div>\n\t\t<div class=\"elementor-element elementor-element-8d2265b e-flex e-con-boxed e-con e-parent\" data-id=\"8d2265b\" data-element_type=\"container\" data-e-type=\"container\">\n\t\t\t\t\t<div class=\"e-con-inner\">\n\t\t\t\t<div class=\"elementor-element elementor-element-667258a elementor-widget elementor-widget-text-editor\" data-id=\"667258a\" data-element_type=\"widget\" data-e-type=\"widget\" data-widget_type=\"text-editor.default\">\n\t\t\t\t<div class=\"elementor-widget-container\">\n\t\t\t\t\t\t\t\t\t<p style=\"line-height: 108%; margin-bottom: 0.28cm;\"><span style=\"font-size: 1rem;\">Desde o in\u00edcio <\/span>da nossa hist\u00f3ria, o Instituto Maria tem contado com parceiros que compartilham da nossa miss\u00e3o de oferecer cuidado integral \u00e0s crian\u00e7as com S\u00edndrome de Down. Essas parcerias s\u00e3o fundamentais para ampliar nosso alcance e garantir atendimentos de excel\u00eancia em diversas \u00e1reas da sa\u00fade.<\/p><p style=\"line-height: 108%; margin-bottom: 0.28cm;\">A <b>Cl\u00ednica Escola da FMO <\/b>\u00e9 nossa parceira desde o come\u00e7o, disponibilizando servi\u00e7os em <b>18 especialidades m\u00e9dicas<\/b>, al\u00e9m de exames como <b>ultrassonografia (USG) e colposcopia<\/b>. Essa colabora\u00e7\u00e3o tem possibilitado um acompanhamento completo e acess\u00edvel para as fam\u00edlias atendidas.<\/p><p style=\"line-height: 108%; margin-bottom: 0.28cm;\">Outro grande aliado em nossa jornada \u00e9 a <b>CARDIOPED<\/b>, que oferece atendimento cardiol\u00f3gico gratuito \u00e0s nossas crian\u00e7as. Al\u00e9m das consultas especializadas, o servi\u00e7o disponibiliza <b>ecocardiograma e eletrocardiograma<\/b>, atuando em conjunto com o centro cir\u00fargico do hospital. J\u00e1 foram realizados aproximadamente <b>30 atendimentos<\/b>, garantindo diagn\u00f3stico e tratamento precoce em uma \u00e1rea t\u00e3o importante para a sa\u00fade infantil.<\/p><p style=\"line-height: 108%; margin-bottom: 0.28cm;\">Esses parceiros s\u00e3o parte essencial do nosso compromisso com o cuidado humanizado e a constru\u00e7\u00e3o de um futuro mais saud\u00e1vel e inclusivo para cada crian\u00e7a que chega at\u00e9 n\u00f3s.<\/p>\t\t\t\t\t\t\t\t<\/div>\n\t\t\t\t<\/div>\n\t\t\t\t\t<\/div>\n\t\t\t\t<\/div>\n\t\t<div class=\"elementor-element elementor-element-109014a e-flex e-con-boxed e-con e-parent\" data-id=\"109014a\" data-element_type=\"container\" data-e-type=\"container\">\n\t\t\t\t\t<div class=\"e-con-inner\">\n\t\t\t\t<div class=\"elementor-element elementor-element-1b7b45b gallery-spacing-custom elementor-widget elementor-widget-image-gallery\" data-id=\"1b7b45b\" data-element_type=\"widget\" data-e-type=\"widget\" data-widget_type=\"image-gallery.default\">\n\t\t\t\t<div class=\"elementor-widget-container\">\n\t\t\t\t\t\t\t<div class=\"elementor-image-gallery\">\n\t\t\t<div id='gallery-1' class='gallery galleryid-932 gallery-columns-2 gallery-size-full'><figure class='gallery-item'>\n\t\t\t<div class='gallery-icon landscape'>\n\t\t\t\t<a data-elementor-open-lightbox=\"yes\" data-elementor-lightbox-slideshow=\"1b7b45b\" data-e-action-hash=\"#elementor-action%3Aaction%3Dlightbox%26settings%3DeyJpZCI6MzIwMywidXJsIjoiaHR0cHM6XC9cL2luc3RpdHV0b21hcmlhLm9yZy5iclwvd3AtY29udGVudFwvdXBsb2Fkc1wvMjAyNVwvMDlcL1doYXRzQXBwLUltYWdlLTIwMjUtMDYtMDUtYXQtMTkuNTIuMDIuanBnIiwic2xpZGVzaG93IjoiMWI3YjQ1YiJ9\" href='https:\/\/institutomaria.org.br\/wp-content\/uploads\/2025\/09\/WhatsApp-Image-2025-06-05-at-19.52.02.jpg'><img fetchpriority=\"high\" decoding=\"async\" width=\"1280\" height=\"844\" src=\"https:\/\/institutomaria.org.br\/wp-content\/uploads\/2025\/09\/WhatsApp-Image-2025-06-05-at-19.52.02.jpg\" class=\"attachment-full size-full\" alt=\"\" srcset=\"https:\/\/institutomaria.org.br\/wp-content\/uploads\/2025\/09\/WhatsApp-Image-2025-06-05-at-19.52.02.jpg 1280w, https:\/\/institutomaria.org.br\/wp-content\/uploads\/2025\/09\/WhatsApp-Image-2025-06-05-at-19.52.02-300x198.jpg 300w, https:\/\/institutomaria.org.br\/wp-content\/uploads\/2025\/09\/WhatsApp-Image-2025-06-05-at-19.52.02-1024x675.jpg 1024w, https:\/\/institutomaria.org.br\/wp-content\/uploads\/2025\/09\/WhatsApp-Image-2025-06-05-at-19.52.02-768x506.jpg 768w\" sizes=\"(max-width: 1280px) 100vw, 1280px\" \/><\/a>\n\t\t\t<\/div><\/figure><figure class='gallery-item'>\n\t\t\t<div class='gallery-icon landscape'>\n\t\t\t\t<a data-elementor-open-lightbox=\"yes\" data-elementor-lightbox-slideshow=\"1b7b45b\" data-e-action-hash=\"#elementor-action%3Aaction%3Dlightbox%26settings%3DeyJpZCI6MzIwNCwidXJsIjoiaHR0cHM6XC9cL2luc3RpdHV0b21hcmlhLm9yZy5iclwvd3AtY29udGVudFwvdXBsb2Fkc1wvMjAyNVwvMDlcL1doYXRzQXBwLUltYWdlLTIwMjUtMDYtMDUtYXQtMTkuNTIuMzEuanBnIiwic2xpZGVzaG93IjoiMWI3YjQ1YiJ9\" href='https:\/\/institutomaria.org.br\/wp-content\/uploads\/2025\/09\/WhatsApp-Image-2025-06-05-at-19.52.31.jpg'><img decoding=\"async\" width=\"1280\" height=\"852\" src=\"https:\/\/institutomaria.org.br\/wp-content\/uploads\/2025\/09\/WhatsApp-Image-2025-06-05-at-19.52.31.jpg\" class=\"attachment-full size-full\" alt=\"\" srcset=\"https:\/\/institutomaria.org.br\/wp-content\/uploads\/2025\/09\/WhatsApp-Image-2025-06-05-at-19.52.31.jpg 1280w, https:\/\/institutomaria.org.br\/wp-content\/uploads\/2025\/09\/WhatsApp-Image-2025-06-05-at-19.52.31-300x200.jpg 300w, https:\/\/institutomaria.org.br\/wp-content\/uploads\/2025\/09\/WhatsApp-Image-2025-06-05-at-19.52.31-1024x682.jpg 1024w, https:\/\/institutomaria.org.br\/wp-content\/uploads\/2025\/09\/WhatsApp-Image-2025-06-05-at-19.52.31-768x511.jpg 768w\" sizes=\"(max-width: 1280px) 100vw, 1280px\" \/><\/a>\n\t\t\t<\/div><\/figure>\n\t\t<\/div>\n\t\t<\/div>\n\t\t\t\t\t\t<\/div>\n\t\t\t\t<\/div>\n\t\t\t\t\t<\/div>\n\t\t\t\t<\/div>\n\t\t\t\t<\/div>\n\t\t","protected":false},"excerpt":{"rendered":"<p>Parceiros Desde o in\u00edcio da nossa hist\u00f3ria, o Instituto Maria tem contado com parceiros que compartilham da nossa miss\u00e3o de oferecer cuidado integral \u00e0s crian\u00e7as com S\u00edndrome de Down. Essas parcerias s\u00e3o fundamentais para ampliar nosso alcance e garantir atendimentos de excel\u00eancia em diversas \u00e1reas da sa\u00fade. A Cl\u00ednica Escola da FMO \u00e9 nossa parceira [&hellip;]<\/p>\n","protected":false},"author":6,"featured_media":0,"parent":0,"menu_order":0,"comment_status":"closed","ping_status":"closed","template":"","meta":{"footnotes":""},"class_list":["post-932","page","type-page","status-publish","hentry"],"_links":{"self":[{"href":"https:\/\/institutomaria.org.br\/index.php?rest_route=\/wp\/v2\/pages\/932","targetHints":{"allow":["GET"]}}],"collection":[{"href":"https:\/\/institutomaria.org.br\/index.php?rest_route=\/wp\/v2\/pages"}],"about":[{"href":"https:\/\/institutomaria.org.br\/index.php?rest_route=\/wp\/v2\/types\/page"}],"author":[{"embeddable":true,"href":"https:\/\/institutomaria.org.br\/index.php?rest_route=\/wp\/v2\/users\/6"}],"replies":[{"embeddable":true,"href":"https:\/\/institutomaria.org.br\/index.php?rest_route=%2Fwp%2Fv2%2Fcomments&post=932"}],"version-history":[{"count":10,"href":"https:\/\/institutomaria.org.br\/index.php?rest_route=\/wp\/v2\/pages\/932\/revisions"}],"predecessor-version":[{"id":3208,"href":"https:\/\/institutomaria.org.br\/index.php?rest_route=\/wp\/v2\/pages\/932\/revisions\/3208"}],"wp:attachment":[{"href":"https:\/\/institutomaria.org.br\/index.php?rest_route=%2Fwp%2Fv2%2Fmedia&parent=932"}],"curies":[{"name":"wp","href":"https:\/\/api.w.org\/{rel}","templated":true}]}}